{"id":27775,"date":"2022-08-03T20:54:17","date_gmt":"2022-08-03T18:54:17","guid":{"rendered":"https:\/\/aveqia.com\/?page_id=27775"},"modified":"2022-12-13T13:38:52","modified_gmt":"2022-12-13T12:38:52","slug":"blog","status":"publish","type":"page","link":"https:\/\/aveqia.com\/en\/blog\/","title":{"rendered":"Blog"},"content":{"rendered":"\n\n<div id=\"aveqia-secondary-hero-block_62eb85559195b\" class=\"block-aveqia-secondary-hero\">\n  <div class=\"min-h-[500px] pt-[80px] relative bg-black text-white flex items-center justify-center\">\n    <div class=\"absolute top-0 left-0 z-0 w-full h-full bg-center bg-no-repeat bg-cover opacity-[0.55]\" style=\"background-image: url('https:\/\/aveqia.com\/wp-content\/uploads\/2022\/07\/IMG-CON.png');\"><\/div>\n    <div class=\"container z-10 space-y-5 text-center py-14\">\n      <h1 class=\"typo-h1-larger\">Blog<\/h1>\n      <div class=\"wysiwyg wysiwyg-larger text-beige\"><h1>Welcome to AVEQIAs blog!<\/h1>\n<\/div>\n    <\/div>\n\n  <\/div>\n  <div class=\"wrapper\">\n\n    <div id=\"breadcrumbs\" class=\"mt-6 typo-caption text-darkGrey\"><span><span><a href=\"https:\/\/aveqia.com\/en\/\">Hem<\/a><\/span><\/span><\/div>  <\/div>\n<\/div>\n\n\n<div id=\"aveqia-text-block_62f23daf01555\" class=\"block-aveqia-text wrapper md:my-20 my-12\">\n  <div class=\"container max-w-2xl mx-auto wysiwyg\"><\/div>\n    <\/div>\n\n<div class=\"mt-12 -mb-5 md:my-20 wrapper\">\n  <div class=\"max-w-4xl mx-auto mt-8 searchfilter \">\n    <div class=\"block pb-3 mx-auto text-center typo-small-uppercase searchfilter-heading\">Kategorier<\/div>\n    <form data-sf-form-id='5964' data-is-rtl='0' data-maintain-state='' data-ajax-url='https:\/\/aveqia.com\/en\/?sfid=5964&amp;sf_action=get_data&amp;sf_data=results' data-ajax-form-url='https:\/\/aveqia.com\/en\/?sfid=5964&amp;sf_action=get_data&amp;sf_data=form' data-display-result-method='shortcode' data-use-history-api='1' data-template-loaded='0' data-lang-code='en' data-ajax='1' data-ajax-data-type='json' data-ajax-links-selector='.pagination a' data-ajax-target='#search-filter-results-5964' data-ajax-pagination-type='normal' data-update-ajax-url='0' data-only-results-ajax='0' data-scroll-to-pos='0' data-init-paged='1' data-auto-update='1' action='' method='post' class='searchandfilter' id='search-filter-form-5964' autocomplete='off' data-instance-count='1'><ul><li class=\"sf-field-reset\" data-sf-field-name=\"reset\" data-sf-field-type=\"reset\" data-sf-field-input-type=\"link\"><a href=\"#\" class=\"search-filter-reset\" data-search-form-id=\"5964\" data-sf-submit-form=\"always\">Alla<\/a><\/li><li class=\"sf-field-category\" data-sf-field-name=\"_sft_category\" data-sf-field-type=\"category\" data-sf-field-input-type=\"checkbox\">\t\t<ul data-operator=\"and\" class=\"\">\n\t\t\t\n\t\t\t\t\t<\/ul>\n\t\t<\/li><\/ul><\/form>  <\/div>\n<\/div>\n<div id=\"main\">\n  <div class=\"search-filter-results\" id=\"search-filter-results-5964\">\n<div class=\"mt-0 mb-12 md:my-20 wrapper\" style=\"clear: both;\">\n\t<div class=\"max-w-4xl mx-auto pt-9\">\n\t\tHittade inga resultat\t<\/div>\n<\/div><\/div><\/div>\n\n\n\n<div id=\"aveqia-text-links-block_62f2484b62b91\" class=\"block-aveqia-text-links bg-beige text-black \">\n  <div class=\"container py-32 text-center\">\n    <div class=\"space-y-8\">\n      <div class=\" typo-h1 \">\n        Matlagningsupplevelsen d\u00e4r du \u00e4r stj\u00e4rnkock!      <\/div>\n      <div class=\" typo-h3 block-aveqia-text-links-text max-w-3xl mx-auto\"><p>AVEQIA erbjuder en unik och engagerande upplevelse d\u00e4r deltagarna f\u00f6renas i en h\u00f6gklassig gemensam matlagningsaktivitet. Aktiviteten \u00e4r designad s\u00e5 att den binder samman deltagarna och utvecklar b\u00e5de relationer och aff\u00e4rer och kan utf\u00f6ras dag-eller kv\u00e4llstid i v\u00e5ra specialanpassade lokaler f\u00f6r grupper mellan 10 och 130 personer.<\/p>\n<\/div>\n    <\/div>\n          <div class=\"flex flex-col items-center justify-center mt-16 lg:flex-row lg:space-x-12 lg:space-y-0 space-y-7\">\n                                        <div class=\"block hover:text-red group hover-up typo-h1 text-red block-aveqia-text-links-link\">\n              <a class=\"relative italic \" href=\"https:\/\/aveqia.com\/matlagningsaktivitet\/\" target=\"\">\n                Mer om matlagning!                <div class=\"w-full h-[2px]  absolute bottom-2 left-0 group-hover:bg-red duration-500 bg-red\"><\/div>\n              <\/a>\n            <\/div>\n                                                  <div class=\"block hover:text-red group hover-up typo-h1 text-red block-aveqia-text-links-link\">\n              <a class=\"relative italic \" href=\"https:\/\/aveqia.com\/boka\/\" target=\"\">\n                Till bokningsf\u00f6rfr\u00e5gan                <div class=\"w-full h-[2px]  absolute bottom-2 left-0 group-hover:bg-red duration-500 bg-red\"><\/div>\n              <\/a>\n            <\/div>\n                        <\/div>\n      <\/div>\n<\/div>","protected":false},"excerpt":{"rendered":"","protected":false},"author":3,"featured_media":0,"parent":0,"menu_order":-1,"comment_status":"closed","ping_status":"closed","template":"","meta":{"_acf_changed":false,"footnotes":""},"class_list":["post-27775","page","type-page","status-publish","hentry"],"acf":[],"yoast_head":"<!-- This site is optimized with the Yoast SEO plugin v25.8 - https:\/\/yoast.com\/wordpress\/plugins\/seo\/ -->\n<title>Blog - Matlagning hos AVEQIA Stockholm<\/title>\n<meta name=\"description\" content=\"Blog Blog Matlagning med eller utan konferens. Hos AVEQIA Stockholm s\u00e4tter vi guldkant p\u00e5 ert event, V\u00e4lkommen!\" \/>\n<meta name=\"robots\" content=\"index, follow, max-snippet:-1, max-image-preview:large, max-video-preview:-1\" \/>\n<link rel=\"canonical\" href=\"https:\/\/aveqia.com\/en\/blog\/\" \/>\n<meta property=\"og:locale\" content=\"en_US\" \/>\n<meta property=\"og:type\" content=\"article\" \/>\n<meta property=\"og:title\" content=\"Blog - Matlagning hos AVEQIA Stockholm\" \/>\n<meta property=\"og:description\" content=\"Blog Blog Matlagning med eller utan konferens. Hos AVEQIA Stockholm s\u00e4tter vi guldkant p\u00e5 ert event, V\u00e4lkommen!\" \/>\n<meta property=\"og:url\" content=\"https:\/\/aveqia.com\/en\/blog\/\" \/>\n<meta property=\"og:site_name\" content=\"AVEQIA Stockholm\" \/>\n<meta property=\"article:publisher\" content=\"https:\/\/www.facebook.com\/AVEQIAStockholm\" \/>\n<meta property=\"article:modified_time\" content=\"2022-12-13T12:38:52+00:00\" \/>\n<meta name=\"twitter:card\" content=\"summary_large_image\" \/>\n<script type=\"application\/ld+json\" class=\"yoast-schema-graph\">{\"@context\":\"https:\/\/schema.org\",\"@graph\":[{\"@type\":\"WebPage\",\"@id\":\"https:\/\/aveqia.com\/en\/blog\/\",\"url\":\"https:\/\/aveqia.com\/en\/blog\/\",\"name\":\"Blog - Matlagning hos AVEQIA Stockholm\",\"isPartOf\":{\"@id\":\"https:\/\/aveqia.com\/en\/#website\"},\"datePublished\":\"2022-08-03T18:54:17+00:00\",\"dateModified\":\"2022-12-13T12:38:52+00:00\",\"description\":\"Blog Blog Matlagning med eller utan konferens. Hos AVEQIA Stockholm s\u00e4tter vi guldkant p\u00e5 ert event, V\u00e4lkommen!\",\"breadcrumb\":{\"@id\":\"https:\/\/aveqia.com\/en\/blog\/#breadcrumb\"},\"inLanguage\":\"en-US\",\"potentialAction\":[{\"@type\":\"ReadAction\",\"target\":[\"https:\/\/aveqia.com\/en\/blog\/\"]}]},{\"@type\":\"BreadcrumbList\",\"@id\":\"https:\/\/aveqia.com\/en\/blog\/#breadcrumb\",\"itemListElement\":[{\"@type\":\"ListItem\",\"position\":1,\"name\":\"Hem\",\"item\":\"https:\/\/aveqia.com\/en\/\"},{\"@type\":\"ListItem\",\"position\":2,\"name\":\"Blog\"}]},{\"@type\":\"WebSite\",\"@id\":\"https:\/\/aveqia.com\/en\/#website\",\"url\":\"https:\/\/aveqia.com\/en\/\",\"name\":\"AVEQIA Stockholm\",\"description\":\"Matlagning tillsammans\",\"potentialAction\":[{\"@type\":\"SearchAction\",\"target\":{\"@type\":\"EntryPoint\",\"urlTemplate\":\"https:\/\/aveqia.com\/en\/?s={search_term_string}\"},\"query-input\":{\"@type\":\"PropertyValueSpecification\",\"valueRequired\":true,\"valueName\":\"search_term_string\"}}],\"inLanguage\":\"en-US\"}]}<\/script>\n<!-- \/ Yoast SEO plugin. -->","yoast_head_json":{"title":"Blog - Matlagning hos AVEQIA Stockholm","description":"Blog Blog Matlagning med eller utan konferens. Hos AVEQIA Stockholm s\u00e4tter vi guldkant p\u00e5 ert event, V\u00e4lkommen!","robots":{"index":"index","follow":"follow","max-snippet":"max-snippet:-1","max-image-preview":"max-image-preview:large","max-video-preview":"max-video-preview:-1"},"canonical":"https:\/\/aveqia.com\/en\/blog\/","og_locale":"en_US","og_type":"article","og_title":"Blog - Matlagning hos AVEQIA Stockholm","og_description":"Blog Blog Matlagning med eller utan konferens. Hos AVEQIA Stockholm s\u00e4tter vi guldkant p\u00e5 ert event, V\u00e4lkommen!","og_url":"https:\/\/aveqia.com\/en\/blog\/","og_site_name":"AVEQIA Stockholm","article_publisher":"https:\/\/www.facebook.com\/AVEQIAStockholm","article_modified_time":"2022-12-13T12:38:52+00:00","twitter_card":"summary_large_image","schema":{"@context":"https:\/\/schema.org","@graph":[{"@type":"WebPage","@id":"https:\/\/aveqia.com\/en\/blog\/","url":"https:\/\/aveqia.com\/en\/blog\/","name":"Blog - Matlagning hos AVEQIA Stockholm","isPartOf":{"@id":"https:\/\/aveqia.com\/en\/#website"},"datePublished":"2022-08-03T18:54:17+00:00","dateModified":"2022-12-13T12:38:52+00:00","description":"Blog Blog Matlagning med eller utan konferens. Hos AVEQIA Stockholm s\u00e4tter vi guldkant p\u00e5 ert event, V\u00e4lkommen!","breadcrumb":{"@id":"https:\/\/aveqia.com\/en\/blog\/#breadcrumb"},"inLanguage":"en-US","potentialAction":[{"@type":"ReadAction","target":["https:\/\/aveqia.com\/en\/blog\/"]}]},{"@type":"BreadcrumbList","@id":"https:\/\/aveqia.com\/en\/blog\/#breadcrumb","itemListElement":[{"@type":"ListItem","position":1,"name":"Hem","item":"https:\/\/aveqia.com\/en\/"},{"@type":"ListItem","position":2,"name":"Blog"}]},{"@type":"WebSite","@id":"https:\/\/aveqia.com\/en\/#website","url":"https:\/\/aveqia.com\/en\/","name":"AVEQIA Stockholm","description":"Matlagning tillsammans","potentialAction":[{"@type":"SearchAction","target":{"@type":"EntryPoint","urlTemplate":"https:\/\/aveqia.com\/en\/?s={search_term_string}"},"query-input":{"@type":"PropertyValueSpecification","valueRequired":true,"valueName":"search_term_string"}}],"inLanguage":"en-US"}]}},"_links":{"self":[{"href":"https:\/\/aveqia.com\/en\/wp-json\/wp\/v2\/pages\/27775","targetHints":{"allow":["GET"]}}],"collection":[{"href":"https:\/\/aveqia.com\/en\/wp-json\/wp\/v2\/pages"}],"about":[{"href":"https:\/\/aveqia.com\/en\/wp-json\/wp\/v2\/types\/page"}],"author":[{"embeddable":true,"href":"https:\/\/aveqia.com\/en\/wp-json\/wp\/v2\/users\/3"}],"replies":[{"embeddable":true,"href":"https:\/\/aveqia.com\/en\/wp-json\/wp\/v2\/comments?post=27775"}],"version-history":[{"count":5,"href":"https:\/\/aveqia.com\/en\/wp-json\/wp\/v2\/pages\/27775\/revisions"}],"predecessor-version":[{"id":27781,"href":"https:\/\/aveqia.com\/en\/wp-json\/wp\/v2\/pages\/27775\/revisions\/27781"}],"wp:attachment":[{"href":"https:\/\/aveqia.com\/en\/wp-json\/wp\/v2\/media?parent=27775"}],"curies":[{"name":"wp","href":"https:\/\/api.w.org\/{rel}","templated":true}]}}