{"id":27947,"date":"2023-01-03T20:34:25","date_gmt":"2023-01-03T19:34:25","guid":{"rendered":"https:\/\/aveqia.com\/?page_id=27947"},"modified":"2023-01-12T23:03:38","modified_gmt":"2023-01-12T22:03:38","slug":"sida-for-blocket-som-hamnar-langst-ner-pa-recept","status":"publish","type":"page","link":"https:\/\/aveqia.com\/en\/sida-for-blocket-som-hamnar-langst-ner-pa-recept\/","title":{"rendered":"Sida f\u00f6r blocket som hamnar l\u00e4ngst ner p\u00e5 recept &#8211; eng"},"content":{"rendered":"\n\n<div id=\"aveqia-text-links-block_63b4835b1207d\" class=\"block-aveqia-text-links bg-beige text-black \">\n  <div class=\"container py-32 text-center\">\n    <div class=\"space-y-8\">\n      <div class=\" typo-h1 \">\n        Interactive cooking at AVEQIA!      <\/div>\n      <div class=\" typo-h3 block-aveqia-text-links-text max-w-3xl mx-auto\"><p>We are so pleased that you&#8217;ve found our recipe bank, and we hope that you are successful in the cooking of your chosen dish. If you are not already familiar with AVEQIA we can tell you that this is where you take your team, clients or partners (or maybe friends and family) when you are looking for an activity where you&#8217;re able to develop your relationships through a joint interactive cooking activity led by professional chefs. In order to achieve that you&#8217;re always hosted in private kitchen studios \/ dining rooms for ultimate privacy. Read more about our activities or book your event by clicking on the links below.<\/p>\n<\/div>\n    <\/div>\n          <div class=\"flex flex-col items-center justify-center mt-16 lg:flex-row lg:space-x-12 lg:space-y-0 space-y-7\">\n                                        <div class=\"block hover:text-red group hover-up typo-h1 text-red block-aveqia-text-links-link\">\n              <a class=\"relative italic \" href=\"https:\/\/aveqia.com\/en\/interactive-cooking-activity\/\" target=\"\">\n                More about Interactive cooking!                <div class=\"w-full h-[2px]  absolute bottom-2 left-0 group-hover:bg-red duration-500 bg-red\"><\/div>\n              <\/a>\n            <\/div>\n                                                  <div class=\"block hover:text-red group hover-up typo-h1 text-red block-aveqia-text-links-link\">\n              <a class=\"relative italic \" href=\"https:\/\/aveqia.com\/en\/book\/\" target=\"\">\n                I want to book!                <div class=\"w-full h-[2px]  absolute bottom-2 left-0 group-hover:bg-red duration-500 bg-red\"><\/div>\n              <\/a>\n            <\/div>\n                        <\/div>\n      <\/div>\n<\/div>","protected":false},"excerpt":{"rendered":"","protected":false},"author":3,"featured_media":0,"parent":0,"menu_order":0,"comment_status":"closed","ping_status":"closed","template":"","meta":{"_acf_changed":false,"footnotes":""},"class_list":["post-27947","page","type-page","status-publish","hentry"],"acf":[],"yoast_head":"<!-- This site is optimized with the Yoast SEO plugin v25.8 - https:\/\/yoast.com\/wordpress\/plugins\/seo\/ -->\n<title>Sida f\u00f6r blocket som hamnar l\u00e4ngst ner p\u00e5 recept - eng - Matlagning hos AVEQIA Stockholm<\/title>\n<meta name=\"description\" content=\"Sida f\u00f6r blocket som hamnar l\u00e4ngst ner p\u00e5 recept - eng Sida f\u00f6r blocket som hamnar l\u00e4ngst ner p\u00e5 recept - eng Matlagning med eller utan konferens. Hos AVEQIA Stockholm s\u00e4tter vi guldkant p\u00e5 ert event, V\u00e4lkommen!\" \/>\n<meta name=\"robots\" content=\"index, follow, max-snippet:-1, max-image-preview:large, max-video-preview:-1\" \/>\n<link rel=\"canonical\" href=\"https:\/\/aveqia.com\/en\/sida-for-blocket-som-hamnar-langst-ner-pa-recept\/\" \/>\n<meta property=\"og:locale\" content=\"en_US\" \/>\n<meta property=\"og:type\" content=\"article\" \/>\n<meta property=\"og:title\" content=\"Sida f\u00f6r blocket som hamnar l\u00e4ngst ner p\u00e5 recept - eng - Matlagning hos AVEQIA Stockholm\" \/>\n<meta property=\"og:description\" content=\"Sida f\u00f6r blocket som hamnar l\u00e4ngst ner p\u00e5 recept - eng Sida f\u00f6r blocket som hamnar l\u00e4ngst ner p\u00e5 recept - eng Matlagning med eller utan konferens. Hos AVEQIA Stockholm s\u00e4tter vi guldkant p\u00e5 ert event, V\u00e4lkommen!\" \/>\n<meta property=\"og:url\" content=\"https:\/\/aveqia.com\/en\/sida-for-blocket-som-hamnar-langst-ner-pa-recept\/\" \/>\n<meta property=\"og:site_name\" content=\"AVEQIA Stockholm\" \/>\n<meta property=\"article:publisher\" content=\"https:\/\/www.facebook.com\/AVEQIAStockholm\" \/>\n<meta property=\"article:modified_time\" content=\"2023-01-12T22:03:38+00:00\" \/>\n<meta name=\"twitter:card\" content=\"summary_large_image\" \/>\n<script type=\"application\/ld+json\" class=\"yoast-schema-graph\">{\"@context\":\"https:\/\/schema.org\",\"@graph\":[{\"@type\":\"WebPage\",\"@id\":\"https:\/\/aveqia.com\/en\/sida-for-blocket-som-hamnar-langst-ner-pa-recept\/\",\"url\":\"https:\/\/aveqia.com\/en\/sida-for-blocket-som-hamnar-langst-ner-pa-recept\/\",\"name\":\"Sida f\u00f6r blocket som hamnar l\u00e4ngst ner p\u00e5 recept - eng - Matlagning hos AVEQIA Stockholm\",\"isPartOf\":{\"@id\":\"https:\/\/aveqia.com\/en\/#website\"},\"datePublished\":\"2023-01-03T19:34:25+00:00\",\"dateModified\":\"2023-01-12T22:03:38+00:00\",\"description\":\"Sida f\u00f6r blocket som hamnar l\u00e4ngst ner p\u00e5 recept - eng Sida f\u00f6r blocket som hamnar l\u00e4ngst ner p\u00e5 recept - eng Matlagning med eller utan konferens. Hos AVEQIA Stockholm s\u00e4tter vi guldkant p\u00e5 ert event, V\u00e4lkommen!\",\"breadcrumb\":{\"@id\":\"https:\/\/aveqia.com\/en\/sida-for-blocket-som-hamnar-langst-ner-pa-recept\/#breadcrumb\"},\"inLanguage\":\"en-US\",\"potentialAction\":[{\"@type\":\"ReadAction\",\"target\":[\"https:\/\/aveqia.com\/en\/sida-for-blocket-som-hamnar-langst-ner-pa-recept\/\"]}]},{\"@type\":\"BreadcrumbList\",\"@id\":\"https:\/\/aveqia.com\/en\/sida-for-blocket-som-hamnar-langst-ner-pa-recept\/#breadcrumb\",\"itemListElement\":[{\"@type\":\"ListItem\",\"position\":1,\"name\":\"Hem\",\"item\":\"https:\/\/aveqia.com\/en\/\"},{\"@type\":\"ListItem\",\"position\":2,\"name\":\"Sida f\u00f6r blocket som hamnar l\u00e4ngst ner p\u00e5 recept &#8211; eng\"}]},{\"@type\":\"WebSite\",\"@id\":\"https:\/\/aveqia.com\/en\/#website\",\"url\":\"https:\/\/aveqia.com\/en\/\",\"name\":\"AVEQIA Stockholm\",\"description\":\"Matlagning tillsammans\",\"potentialAction\":[{\"@type\":\"SearchAction\",\"target\":{\"@type\":\"EntryPoint\",\"urlTemplate\":\"https:\/\/aveqia.com\/en\/?s={search_term_string}\"},\"query-input\":{\"@type\":\"PropertyValueSpecification\",\"valueRequired\":true,\"valueName\":\"search_term_string\"}}],\"inLanguage\":\"en-US\"}]}<\/script>\n<!-- \/ Yoast SEO plugin. -->","yoast_head_json":{"title":"Sida f\u00f6r blocket som hamnar l\u00e4ngst ner p\u00e5 recept - eng - Matlagning hos AVEQIA Stockholm","description":"Sida f\u00f6r blocket som hamnar l\u00e4ngst ner p\u00e5 recept - eng Sida f\u00f6r blocket som hamnar l\u00e4ngst ner p\u00e5 recept - eng Matlagning med eller utan konferens. Hos AVEQIA Stockholm s\u00e4tter vi guldkant p\u00e5 ert event, V\u00e4lkommen!","robots":{"index":"index","follow":"follow","max-snippet":"max-snippet:-1","max-image-preview":"max-image-preview:large","max-video-preview":"max-video-preview:-1"},"canonical":"https:\/\/aveqia.com\/en\/sida-for-blocket-som-hamnar-langst-ner-pa-recept\/","og_locale":"en_US","og_type":"article","og_title":"Sida f\u00f6r blocket som hamnar l\u00e4ngst ner p\u00e5 recept - eng - Matlagning hos AVEQIA Stockholm","og_description":"Sida f\u00f6r blocket som hamnar l\u00e4ngst ner p\u00e5 recept - eng Sida f\u00f6r blocket som hamnar l\u00e4ngst ner p\u00e5 recept - eng Matlagning med eller utan konferens. Hos AVEQIA Stockholm s\u00e4tter vi guldkant p\u00e5 ert event, V\u00e4lkommen!","og_url":"https:\/\/aveqia.com\/en\/sida-for-blocket-som-hamnar-langst-ner-pa-recept\/","og_site_name":"AVEQIA Stockholm","article_publisher":"https:\/\/www.facebook.com\/AVEQIAStockholm","article_modified_time":"2023-01-12T22:03:38+00:00","twitter_card":"summary_large_image","schema":{"@context":"https:\/\/schema.org","@graph":[{"@type":"WebPage","@id":"https:\/\/aveqia.com\/en\/sida-for-blocket-som-hamnar-langst-ner-pa-recept\/","url":"https:\/\/aveqia.com\/en\/sida-for-blocket-som-hamnar-langst-ner-pa-recept\/","name":"Sida f\u00f6r blocket som hamnar l\u00e4ngst ner p\u00e5 recept - eng - Matlagning hos AVEQIA Stockholm","isPartOf":{"@id":"https:\/\/aveqia.com\/en\/#website"},"datePublished":"2023-01-03T19:34:25+00:00","dateModified":"2023-01-12T22:03:38+00:00","description":"Sida f\u00f6r blocket som hamnar l\u00e4ngst ner p\u00e5 recept - eng Sida f\u00f6r blocket som hamnar l\u00e4ngst ner p\u00e5 recept - eng Matlagning med eller utan konferens. Hos AVEQIA Stockholm s\u00e4tter vi guldkant p\u00e5 ert event, V\u00e4lkommen!","breadcrumb":{"@id":"https:\/\/aveqia.com\/en\/sida-for-blocket-som-hamnar-langst-ner-pa-recept\/#breadcrumb"},"inLanguage":"en-US","potentialAction":[{"@type":"ReadAction","target":["https:\/\/aveqia.com\/en\/sida-for-blocket-som-hamnar-langst-ner-pa-recept\/"]}]},{"@type":"BreadcrumbList","@id":"https:\/\/aveqia.com\/en\/sida-for-blocket-som-hamnar-langst-ner-pa-recept\/#breadcrumb","itemListElement":[{"@type":"ListItem","position":1,"name":"Hem","item":"https:\/\/aveqia.com\/en\/"},{"@type":"ListItem","position":2,"name":"Sida f\u00f6r blocket som hamnar l\u00e4ngst ner p\u00e5 recept &#8211; eng"}]},{"@type":"WebSite","@id":"https:\/\/aveqia.com\/en\/#website","url":"https:\/\/aveqia.com\/en\/","name":"AVEQIA Stockholm","description":"Matlagning tillsammans","potentialAction":[{"@type":"SearchAction","target":{"@type":"EntryPoint","urlTemplate":"https:\/\/aveqia.com\/en\/?s={search_term_string}"},"query-input":{"@type":"PropertyValueSpecification","valueRequired":true,"valueName":"search_term_string"}}],"inLanguage":"en-US"}]}},"_links":{"self":[{"href":"https:\/\/aveqia.com\/en\/wp-json\/wp\/v2\/pages\/27947","targetHints":{"allow":["GET"]}}],"collection":[{"href":"https:\/\/aveqia.com\/en\/wp-json\/wp\/v2\/pages"}],"about":[{"href":"https:\/\/aveqia.com\/en\/wp-json\/wp\/v2\/types\/page"}],"author":[{"embeddable":true,"href":"https:\/\/aveqia.com\/en\/wp-json\/wp\/v2\/users\/3"}],"replies":[{"embeddable":true,"href":"https:\/\/aveqia.com\/en\/wp-json\/wp\/v2\/comments?post=27947"}],"version-history":[{"count":6,"href":"https:\/\/aveqia.com\/en\/wp-json\/wp\/v2\/pages\/27947\/revisions"}],"predecessor-version":[{"id":28180,"href":"https:\/\/aveqia.com\/en\/wp-json\/wp\/v2\/pages\/27947\/revisions\/28180"}],"wp:attachment":[{"href":"https:\/\/aveqia.com\/en\/wp-json\/wp\/v2\/media?parent=27947"}],"curies":[{"name":"wp","href":"https:\/\/api.w.org\/{rel}","templated":true}]}}