{"id":28181,"date":"2023-01-12T23:07:01","date_gmt":"2023-01-12T22:07:01","guid":{"rendered":"https:\/\/aveqia.com\/?page_id=28181"},"modified":"2024-09-04T16:39:20","modified_gmt":"2024-09-04T14:39:20","slug":"thanks-for-your-booking-enquiry","status":"publish","type":"page","link":"https:\/\/aveqia.com\/en\/thanks-for-your-booking-enquiry\/","title":{"rendered":"Thanks for your booking enquiry!"},"content":{"rendered":"\n\n<div id=\"aveqia-secondary-hero-block_9d47dce836c08668f15237a5a3f6a7d9\" class=\"block-aveqia-secondary-hero\">\n  <div class=\"min-h-[500px] pt-[80px] relative bg-black text-white flex items-center justify-center\">\n    <div class=\"absolute top-0 left-0 z-0 w-full h-full bg-center bg-no-repeat bg-cover opacity-[0.55]\" style=\"background-image: url('https:\/\/aveqia.com\/wp-content\/uploads\/2022\/09\/Hero-2121-1024x576.jpg');\"><\/div>\n    <div class=\"container z-10 space-y-5 text-center py-14\">\n      <h1 class=\"typo-h1-larger\">Thanks for your booking enquiry!<\/h1>\n      <div class=\"wysiwyg wysiwyg-larger text-beige\"><\/div>\n    <\/div>\n\n  <\/div>\n  <div class=\"wrapper\">\n\n    <div id=\"breadcrumbs\" class=\"mt-6 typo-caption text-darkGrey\"><span><span><a href=\"https:\/\/aveqia.com\/en\/\">Hem<\/a><\/span><\/span><\/div>  <\/div>\n<\/div>\n\n\n<div id=\"aveqia-text-block_8deeb396112bb5e0e126df85dfd33070\" class=\"block-aveqia-text wrapper md:my-20 my-12\">\n  <div class=\"container max-w-2xl mx-auto wysiwyg\"><h2 style=\"text-align: center\">Thanks for contacting us!<\/h2>\n<div class=\"typo-h3\" style=\"text-align: center\">We normally respond quickly to enquiries, however, mainly during office hours 9.00-17.00 Monday to Friday.<\/div>\n<div class=\"typo-h3\" style=\"text-align: center\">We are closed during weekends and public holidays so if you contact us during these periods we&#8217;ll be in touch the next working day.<\/div>\n<\/div>\n    <\/div>\n\n\n\n<div id=\"aveqia-text-links-block_d9cf8d15c9b7b63bb016b3371c608cff\" class=\"block-aveqia-text-links bg-beige text-black \">\n  <div class=\"container py-32 text-center\">\n    <div class=\"space-y-8\">\n      <div class=\" typo-h1 \">\n        Don&#8217;t miss our experiences!      <\/div>\n      <div class=\" typo-h3 block-aveqia-text-links-text max-w-3xl mx-auto\"><p style=\"text-align: center\"><strong><span class=\"HwtZe\" lang=\"en\"><span class=\"jCAhz ChMk0b\"><span class=\"ryNqvb\">We love food.<\/span><\/span> <span class=\"jCAhz ChMk0b\"><span class=\"ryNqvb\">And we love to cook together with others!<\/span><\/span> <\/span><\/strong><\/p>\n<p style=\"text-align: center\"><span class=\"HwtZe\" lang=\"en\"><span class=\"jCAhz ChMk0b\"><span class=\"ryNqvb\">We and our guests alike find that genuine joy and inspiration in cooking together!<\/span><\/span> <span class=\"jCAhz ChMk0b\"><span class=\"ryNqvb\">Regardless of whether you come with clients, colleagues, family and friends or business partners, we offer you an activity and experience that&#8217;s out of the ordinary, only at AVEQIA, it&#8217;s the participants that take a central role.<\/span><\/span> <span class=\"jCAhz ChMk0b\"><span class=\"ryNqvb\">At AVEQIA you and your party always have a private kitchen studio and dining area for optimal privacy.<\/span><\/span> <\/span><\/p>\n<p style=\"text-align: center\"><strong><span class=\"HwtZe\" lang=\"en\"><span class=\"jCAhz ChMk0b\"><span class=\"ryNqvb\">Welcome to AVEQIA!<\/span><\/span><\/span><\/strong><\/p>\n<\/div>\n    <\/div>\n          <div class=\"flex flex-col items-center justify-center mt-16 lg:flex-row lg:space-x-12 lg:space-y-0 space-y-7\">\n                                        <div class=\"block hover:text-red group hover-up typo-h1 text-red block-aveqia-text-links-link\">\n              <a class=\"relative italic \" href=\"https:\/\/aveqia.com\/en\/interactive-cooking-activity\/\" target=\"_blank\">\n                Interactive Cooking                <div class=\"w-full h-[2px]  absolute bottom-2 left-0 group-hover:bg-red duration-500 bg-red\"><\/div>\n              <\/a>\n            <\/div>\n                                                  <div class=\"block hover:text-red group hover-up typo-h1 text-red block-aveqia-text-links-link\">\n              <a class=\"relative italic \" href=\"https:\/\/aveqia.com\/en\/conference\/\" target=\"_blank\">\n                Conference                <div class=\"w-full h-[2px]  absolute bottom-2 left-0 group-hover:bg-red duration-500 bg-red\"><\/div>\n              <\/a>\n            <\/div>\n                                                  <div class=\"block hover:text-red group hover-up typo-h1 text-red block-aveqia-text-links-link\">\n              <a class=\"relative italic \" href=\"https:\/\/aveqia.com\/en\/champagne-tasting-with-seafood-platter\/\" target=\"\">\n                Champagne tasting                <div class=\"w-full h-[2px]  absolute bottom-2 left-0 group-hover:bg-red duration-500 bg-red\"><\/div>\n              <\/a>\n            <\/div>\n                        <\/div>\n      <\/div>\n<\/div>","protected":false},"excerpt":{"rendered":"","protected":false},"author":3,"featured_media":0,"parent":0,"menu_order":0,"comment_status":"closed","ping_status":"closed","template":"","meta":{"_acf_changed":false,"footnotes":""},"class_list":["post-28181","page","type-page","status-publish","hentry"],"acf":[],"yoast_head":"<!-- This site is optimized with the Yoast SEO plugin v25.8 - https:\/\/yoast.com\/wordpress\/plugins\/seo\/ -->\n<title>Thanks for your booking enquiry! - Matlagning hos AVEQIA Stockholm<\/title>\n<meta name=\"description\" content=\"Thanks for your booking enquiry! Thanks for your booking enquiry! Matlagning med eller utan konferens. Hos AVEQIA Stockholm s\u00e4tter vi guldkant p\u00e5 ert event, V\u00e4lkommen!\" \/>\n<meta name=\"robots\" content=\"index, follow, max-snippet:-1, max-image-preview:large, max-video-preview:-1\" \/>\n<link rel=\"canonical\" href=\"https:\/\/aveqia.com\/en\/thanks-for-your-booking-enquiry\/\" \/>\n<meta property=\"og:locale\" content=\"en_US\" \/>\n<meta property=\"og:type\" content=\"article\" \/>\n<meta property=\"og:title\" content=\"Thanks for your booking enquiry! - Matlagning hos AVEQIA Stockholm\" \/>\n<meta property=\"og:description\" content=\"Thanks for your booking enquiry! Thanks for your booking enquiry! Matlagning med eller utan konferens. Hos AVEQIA Stockholm s\u00e4tter vi guldkant p\u00e5 ert event, V\u00e4lkommen!\" \/>\n<meta property=\"og:url\" content=\"https:\/\/aveqia.com\/en\/thanks-for-your-booking-enquiry\/\" \/>\n<meta property=\"og:site_name\" content=\"AVEQIA Stockholm\" \/>\n<meta property=\"article:publisher\" content=\"https:\/\/www.facebook.com\/AVEQIAStockholm\" \/>\n<meta property=\"article:modified_time\" content=\"2024-09-04T14:39:20+00:00\" \/>\n<meta name=\"twitter:card\" content=\"summary_large_image\" \/>\n<script type=\"application\/ld+json\" class=\"yoast-schema-graph\">{\"@context\":\"https:\/\/schema.org\",\"@graph\":[{\"@type\":\"WebPage\",\"@id\":\"https:\/\/aveqia.com\/en\/thanks-for-your-booking-enquiry\/\",\"url\":\"https:\/\/aveqia.com\/en\/thanks-for-your-booking-enquiry\/\",\"name\":\"Thanks for your booking enquiry! - Matlagning hos AVEQIA Stockholm\",\"isPartOf\":{\"@id\":\"https:\/\/aveqia.com\/en\/#website\"},\"datePublished\":\"2023-01-12T22:07:01+00:00\",\"dateModified\":\"2024-09-04T14:39:20+00:00\",\"description\":\"Thanks for your booking enquiry! Thanks for your booking enquiry! Matlagning med eller utan konferens. Hos AVEQIA Stockholm s\u00e4tter vi guldkant p\u00e5 ert event, V\u00e4lkommen!\",\"breadcrumb\":{\"@id\":\"https:\/\/aveqia.com\/en\/thanks-for-your-booking-enquiry\/#breadcrumb\"},\"inLanguage\":\"en-US\",\"potentialAction\":[{\"@type\":\"ReadAction\",\"target\":[\"https:\/\/aveqia.com\/en\/thanks-for-your-booking-enquiry\/\"]}]},{\"@type\":\"BreadcrumbList\",\"@id\":\"https:\/\/aveqia.com\/en\/thanks-for-your-booking-enquiry\/#breadcrumb\",\"itemListElement\":[{\"@type\":\"ListItem\",\"position\":1,\"name\":\"Hem\",\"item\":\"https:\/\/aveqia.com\/en\/\"},{\"@type\":\"ListItem\",\"position\":2,\"name\":\"Thanks for your booking enquiry!\"}]},{\"@type\":\"WebSite\",\"@id\":\"https:\/\/aveqia.com\/en\/#website\",\"url\":\"https:\/\/aveqia.com\/en\/\",\"name\":\"AVEQIA Stockholm\",\"description\":\"Matlagning tillsammans\",\"potentialAction\":[{\"@type\":\"SearchAction\",\"target\":{\"@type\":\"EntryPoint\",\"urlTemplate\":\"https:\/\/aveqia.com\/en\/?s={search_term_string}\"},\"query-input\":{\"@type\":\"PropertyValueSpecification\",\"valueRequired\":true,\"valueName\":\"search_term_string\"}}],\"inLanguage\":\"en-US\"}]}<\/script>\n<!-- \/ Yoast SEO plugin. -->","yoast_head_json":{"title":"Thanks for your booking enquiry! - Matlagning hos AVEQIA Stockholm","description":"Thanks for your booking enquiry! Thanks for your booking enquiry! Matlagning med eller utan konferens. Hos AVEQIA Stockholm s\u00e4tter vi guldkant p\u00e5 ert event, V\u00e4lkommen!","robots":{"index":"index","follow":"follow","max-snippet":"max-snippet:-1","max-image-preview":"max-image-preview:large","max-video-preview":"max-video-preview:-1"},"canonical":"https:\/\/aveqia.com\/en\/thanks-for-your-booking-enquiry\/","og_locale":"en_US","og_type":"article","og_title":"Thanks for your booking enquiry! - Matlagning hos AVEQIA Stockholm","og_description":"Thanks for your booking enquiry! Thanks for your booking enquiry! Matlagning med eller utan konferens. Hos AVEQIA Stockholm s\u00e4tter vi guldkant p\u00e5 ert event, V\u00e4lkommen!","og_url":"https:\/\/aveqia.com\/en\/thanks-for-your-booking-enquiry\/","og_site_name":"AVEQIA Stockholm","article_publisher":"https:\/\/www.facebook.com\/AVEQIAStockholm","article_modified_time":"2024-09-04T14:39:20+00:00","twitter_card":"summary_large_image","schema":{"@context":"https:\/\/schema.org","@graph":[{"@type":"WebPage","@id":"https:\/\/aveqia.com\/en\/thanks-for-your-booking-enquiry\/","url":"https:\/\/aveqia.com\/en\/thanks-for-your-booking-enquiry\/","name":"Thanks for your booking enquiry! - Matlagning hos AVEQIA Stockholm","isPartOf":{"@id":"https:\/\/aveqia.com\/en\/#website"},"datePublished":"2023-01-12T22:07:01+00:00","dateModified":"2024-09-04T14:39:20+00:00","description":"Thanks for your booking enquiry! Thanks for your booking enquiry! Matlagning med eller utan konferens. Hos AVEQIA Stockholm s\u00e4tter vi guldkant p\u00e5 ert event, V\u00e4lkommen!","breadcrumb":{"@id":"https:\/\/aveqia.com\/en\/thanks-for-your-booking-enquiry\/#breadcrumb"},"inLanguage":"en-US","potentialAction":[{"@type":"ReadAction","target":["https:\/\/aveqia.com\/en\/thanks-for-your-booking-enquiry\/"]}]},{"@type":"BreadcrumbList","@id":"https:\/\/aveqia.com\/en\/thanks-for-your-booking-enquiry\/#breadcrumb","itemListElement":[{"@type":"ListItem","position":1,"name":"Hem","item":"https:\/\/aveqia.com\/en\/"},{"@type":"ListItem","position":2,"name":"Thanks for your booking enquiry!"}]},{"@type":"WebSite","@id":"https:\/\/aveqia.com\/en\/#website","url":"https:\/\/aveqia.com\/en\/","name":"AVEQIA Stockholm","description":"Matlagning tillsammans","potentialAction":[{"@type":"SearchAction","target":{"@type":"EntryPoint","urlTemplate":"https:\/\/aveqia.com\/en\/?s={search_term_string}"},"query-input":{"@type":"PropertyValueSpecification","valueRequired":true,"valueName":"search_term_string"}}],"inLanguage":"en-US"}]}},"_links":{"self":[{"href":"https:\/\/aveqia.com\/en\/wp-json\/wp\/v2\/pages\/28181","targetHints":{"allow":["GET"]}}],"collection":[{"href":"https:\/\/aveqia.com\/en\/wp-json\/wp\/v2\/pages"}],"about":[{"href":"https:\/\/aveqia.com\/en\/wp-json\/wp\/v2\/types\/page"}],"author":[{"embeddable":true,"href":"https:\/\/aveqia.com\/en\/wp-json\/wp\/v2\/users\/3"}],"replies":[{"embeddable":true,"href":"https:\/\/aveqia.com\/en\/wp-json\/wp\/v2\/comments?post=28181"}],"version-history":[{"count":6,"href":"https:\/\/aveqia.com\/en\/wp-json\/wp\/v2\/pages\/28181\/revisions"}],"predecessor-version":[{"id":29578,"href":"https:\/\/aveqia.com\/en\/wp-json\/wp\/v2\/pages\/28181\/revisions\/29578"}],"wp:attachment":[{"href":"https:\/\/aveqia.com\/en\/wp-json\/wp\/v2\/media?parent=28181"}],"curies":[{"name":"wp","href":"https:\/\/api.w.org\/{rel}","templated":true}]}}