{"id":28260,"date":"2023-01-15T22:29:44","date_gmt":"2023-01-15T21:29:44","guid":{"rendered":"https:\/\/aveqia.com\/?page_id=28260"},"modified":"2025-03-18T11:55:35","modified_gmt":"2025-03-18T10:55:35","slug":"sida-for-blocket-som-hamnar-langst-ner-pa-menyer-eng","status":"publish","type":"page","link":"https:\/\/aveqia.com\/en\/sida-for-blocket-som-hamnar-langst-ner-pa-menyer-eng\/","title":{"rendered":"Sida f\u00f6r blocket som hamnar l\u00e4ngst ner p\u00e5 menyer &#8211; eng"},"content":{"rendered":"\n\n<div id=\"aveqia-text-links-block_a9304e2bef19576babe14214ba2750ed\" class=\"block-aveqia-text-links bg-beige text-black \">\n  <div class=\"container py-32 text-center\">\n    <div class=\"space-y-8\">\n      <div class=\" typo-h1 \">\n        We&#8217;re pleased you&#8217;ve found our menus! But we hope you haven&#8217;t missed our interactive cooking experiences?      <\/div>\n      <div class=\" typo-h3 block-aveqia-text-links-text max-w-3xl mx-auto\"><h3>We love food. And we love to cook with others. We and our guests alike find that genuine joy and inspiration in cooking together!<\/h3>\n<p>Regardless of if you visit us with clients, colleagues, family and friends or business associates; we offer you an extraordinary activity and experience that includes both great food and beverages. The critical difference is that here it&#8217;s the participants who play the central role.<\/p>\n<p>You and your party always have your own private kitchen and dining room (Chambre S\u00e9par\u00e9e) for optimum privacy.<\/p>\n<h3>Welcome to AVEQIA!<\/h3>\n<\/div>\n    <\/div>\n          <div class=\"flex flex-col items-center justify-center mt-16 lg:flex-row lg:space-x-12 lg:space-y-0 space-y-7\">\n                                        <div class=\"block hover:text-red group hover-up typo-h1 text-red block-aveqia-text-links-link\">\n              <a class=\"relative italic \" href=\"https:\/\/aveqia.com\/en\/interactive-cooking-activity\/\" target=\"\">\n                More about Interactive cooking!                <div class=\"w-full h-[2px]  absolute bottom-2 left-0 group-hover:bg-red duration-500 bg-red\"><\/div>\n              <\/a>\n            <\/div>\n                                                  <div class=\"block hover:text-red group hover-up typo-h1 text-red block-aveqia-text-links-link\">\n              <a class=\"relative italic \" href=\"https:\/\/aveqia.com\/en\/book\/\" target=\"\">\n                I want to book!                <div class=\"w-full h-[2px]  absolute bottom-2 left-0 group-hover:bg-red duration-500 bg-red\"><\/div>\n              <\/a>\n            <\/div>\n                                                  <div class=\"block hover:text-red group hover-up typo-h1 text-red block-aveqia-text-links-link\">\n              <a class=\"relative italic \" href=\"https:\/\/aveqia.com\/en\/its-back-inspirational-cooking-in-open-groups\/\" target=\"\">\n                I want to book a ticket to an open event                <div class=\"w-full h-[2px]  absolute bottom-2 left-0 group-hover:bg-red duration-500 bg-red\"><\/div>\n              <\/a>\n            <\/div>\n                        <\/div>\n      <\/div>\n<\/div>","protected":false},"excerpt":{"rendered":"","protected":false},"author":1,"featured_media":0,"parent":0,"menu_order":0,"comment_status":"closed","ping_status":"closed","template":"","meta":{"_acf_changed":false,"footnotes":""},"class_list":["post-28260","page","type-page","status-publish","hentry"],"acf":[],"yoast_head":"<!-- This site is optimized with the Yoast SEO plugin v25.8 - https:\/\/yoast.com\/wordpress\/plugins\/seo\/ -->\n<title>Sida f\u00f6r blocket som hamnar l\u00e4ngst ner p\u00e5 menyer - eng - Matlagning hos AVEQIA Stockholm<\/title>\n<meta name=\"description\" content=\"Sida f\u00f6r blocket som hamnar l\u00e4ngst ner p\u00e5 menyer - eng Sida f\u00f6r blocket som hamnar l\u00e4ngst ner p\u00e5 menyer - eng Matlagning med eller utan konferens. Hos AVEQIA Stockholm s\u00e4tter vi guldkant p\u00e5 ert event, V\u00e4lkommen!\" \/>\n<meta name=\"robots\" content=\"index, follow, max-snippet:-1, max-image-preview:large, max-video-preview:-1\" \/>\n<link rel=\"canonical\" href=\"https:\/\/aveqia.com\/en\/sida-for-blocket-som-hamnar-langst-ner-pa-menyer-eng\/\" \/>\n<meta property=\"og:locale\" content=\"en_US\" \/>\n<meta property=\"og:type\" content=\"article\" \/>\n<meta property=\"og:title\" content=\"Sida f\u00f6r blocket som hamnar l\u00e4ngst ner p\u00e5 menyer - eng - Matlagning hos AVEQIA Stockholm\" \/>\n<meta property=\"og:description\" content=\"Sida f\u00f6r blocket som hamnar l\u00e4ngst ner p\u00e5 menyer - eng Sida f\u00f6r blocket som hamnar l\u00e4ngst ner p\u00e5 menyer - eng Matlagning med eller utan konferens. Hos AVEQIA Stockholm s\u00e4tter vi guldkant p\u00e5 ert event, V\u00e4lkommen!\" \/>\n<meta property=\"og:url\" content=\"https:\/\/aveqia.com\/en\/sida-for-blocket-som-hamnar-langst-ner-pa-menyer-eng\/\" \/>\n<meta property=\"og:site_name\" content=\"AVEQIA Stockholm\" \/>\n<meta property=\"article:publisher\" content=\"https:\/\/www.facebook.com\/AVEQIAStockholm\" \/>\n<meta property=\"article:modified_time\" content=\"2025-03-18T10:55:35+00:00\" \/>\n<meta name=\"twitter:card\" content=\"summary_large_image\" \/>\n<script type=\"application\/ld+json\" class=\"yoast-schema-graph\">{\"@context\":\"https:\/\/schema.org\",\"@graph\":[{\"@type\":\"WebPage\",\"@id\":\"https:\/\/aveqia.com\/en\/sida-for-blocket-som-hamnar-langst-ner-pa-menyer-eng\/\",\"url\":\"https:\/\/aveqia.com\/en\/sida-for-blocket-som-hamnar-langst-ner-pa-menyer-eng\/\",\"name\":\"Sida f\u00f6r blocket som hamnar l\u00e4ngst ner p\u00e5 menyer - eng - Matlagning hos AVEQIA Stockholm\",\"isPartOf\":{\"@id\":\"https:\/\/aveqia.com\/en\/#website\"},\"datePublished\":\"2023-01-15T21:29:44+00:00\",\"dateModified\":\"2025-03-18T10:55:35+00:00\",\"description\":\"Sida f\u00f6r blocket som hamnar l\u00e4ngst ner p\u00e5 menyer - eng Sida f\u00f6r blocket som hamnar l\u00e4ngst ner p\u00e5 menyer - eng Matlagning med eller utan konferens. Hos AVEQIA Stockholm s\u00e4tter vi guldkant p\u00e5 ert event, V\u00e4lkommen!\",\"breadcrumb\":{\"@id\":\"https:\/\/aveqia.com\/en\/sida-for-blocket-som-hamnar-langst-ner-pa-menyer-eng\/#breadcrumb\"},\"inLanguage\":\"en-US\",\"potentialAction\":[{\"@type\":\"ReadAction\",\"target\":[\"https:\/\/aveqia.com\/en\/sida-for-blocket-som-hamnar-langst-ner-pa-menyer-eng\/\"]}]},{\"@type\":\"BreadcrumbList\",\"@id\":\"https:\/\/aveqia.com\/en\/sida-for-blocket-som-hamnar-langst-ner-pa-menyer-eng\/#breadcrumb\",\"itemListElement\":[{\"@type\":\"ListItem\",\"position\":1,\"name\":\"Hem\",\"item\":\"https:\/\/aveqia.com\/en\/\"},{\"@type\":\"ListItem\",\"position\":2,\"name\":\"Sida f\u00f6r blocket som hamnar l\u00e4ngst ner p\u00e5 menyer &#8211; eng\"}]},{\"@type\":\"WebSite\",\"@id\":\"https:\/\/aveqia.com\/en\/#website\",\"url\":\"https:\/\/aveqia.com\/en\/\",\"name\":\"AVEQIA Stockholm\",\"description\":\"Matlagning tillsammans\",\"potentialAction\":[{\"@type\":\"SearchAction\",\"target\":{\"@type\":\"EntryPoint\",\"urlTemplate\":\"https:\/\/aveqia.com\/en\/?s={search_term_string}\"},\"query-input\":{\"@type\":\"PropertyValueSpecification\",\"valueRequired\":true,\"valueName\":\"search_term_string\"}}],\"inLanguage\":\"en-US\"}]}<\/script>\n<!-- \/ Yoast SEO plugin. -->","yoast_head_json":{"title":"Sida f\u00f6r blocket som hamnar l\u00e4ngst ner p\u00e5 menyer - eng - Matlagning hos AVEQIA Stockholm","description":"Sida f\u00f6r blocket som hamnar l\u00e4ngst ner p\u00e5 menyer - eng Sida f\u00f6r blocket som hamnar l\u00e4ngst ner p\u00e5 menyer - eng Matlagning med eller utan konferens. Hos AVEQIA Stockholm s\u00e4tter vi guldkant p\u00e5 ert event, V\u00e4lkommen!","robots":{"index":"index","follow":"follow","max-snippet":"max-snippet:-1","max-image-preview":"max-image-preview:large","max-video-preview":"max-video-preview:-1"},"canonical":"https:\/\/aveqia.com\/en\/sida-for-blocket-som-hamnar-langst-ner-pa-menyer-eng\/","og_locale":"en_US","og_type":"article","og_title":"Sida f\u00f6r blocket som hamnar l\u00e4ngst ner p\u00e5 menyer - eng - Matlagning hos AVEQIA Stockholm","og_description":"Sida f\u00f6r blocket som hamnar l\u00e4ngst ner p\u00e5 menyer - eng Sida f\u00f6r blocket som hamnar l\u00e4ngst ner p\u00e5 menyer - eng Matlagning med eller utan konferens. Hos AVEQIA Stockholm s\u00e4tter vi guldkant p\u00e5 ert event, V\u00e4lkommen!","og_url":"https:\/\/aveqia.com\/en\/sida-for-blocket-som-hamnar-langst-ner-pa-menyer-eng\/","og_site_name":"AVEQIA Stockholm","article_publisher":"https:\/\/www.facebook.com\/AVEQIAStockholm","article_modified_time":"2025-03-18T10:55:35+00:00","twitter_card":"summary_large_image","schema":{"@context":"https:\/\/schema.org","@graph":[{"@type":"WebPage","@id":"https:\/\/aveqia.com\/en\/sida-for-blocket-som-hamnar-langst-ner-pa-menyer-eng\/","url":"https:\/\/aveqia.com\/en\/sida-for-blocket-som-hamnar-langst-ner-pa-menyer-eng\/","name":"Sida f\u00f6r blocket som hamnar l\u00e4ngst ner p\u00e5 menyer - eng - Matlagning hos AVEQIA Stockholm","isPartOf":{"@id":"https:\/\/aveqia.com\/en\/#website"},"datePublished":"2023-01-15T21:29:44+00:00","dateModified":"2025-03-18T10:55:35+00:00","description":"Sida f\u00f6r blocket som hamnar l\u00e4ngst ner p\u00e5 menyer - eng Sida f\u00f6r blocket som hamnar l\u00e4ngst ner p\u00e5 menyer - eng Matlagning med eller utan konferens. Hos AVEQIA Stockholm s\u00e4tter vi guldkant p\u00e5 ert event, V\u00e4lkommen!","breadcrumb":{"@id":"https:\/\/aveqia.com\/en\/sida-for-blocket-som-hamnar-langst-ner-pa-menyer-eng\/#breadcrumb"},"inLanguage":"en-US","potentialAction":[{"@type":"ReadAction","target":["https:\/\/aveqia.com\/en\/sida-for-blocket-som-hamnar-langst-ner-pa-menyer-eng\/"]}]},{"@type":"BreadcrumbList","@id":"https:\/\/aveqia.com\/en\/sida-for-blocket-som-hamnar-langst-ner-pa-menyer-eng\/#breadcrumb","itemListElement":[{"@type":"ListItem","position":1,"name":"Hem","item":"https:\/\/aveqia.com\/en\/"},{"@type":"ListItem","position":2,"name":"Sida f\u00f6r blocket som hamnar l\u00e4ngst ner p\u00e5 menyer &#8211; eng"}]},{"@type":"WebSite","@id":"https:\/\/aveqia.com\/en\/#website","url":"https:\/\/aveqia.com\/en\/","name":"AVEQIA Stockholm","description":"Matlagning tillsammans","potentialAction":[{"@type":"SearchAction","target":{"@type":"EntryPoint","urlTemplate":"https:\/\/aveqia.com\/en\/?s={search_term_string}"},"query-input":{"@type":"PropertyValueSpecification","valueRequired":true,"valueName":"search_term_string"}}],"inLanguage":"en-US"}]}},"_links":{"self":[{"href":"https:\/\/aveqia.com\/en\/wp-json\/wp\/v2\/pages\/28260","targetHints":{"allow":["GET"]}}],"collection":[{"href":"https:\/\/aveqia.com\/en\/wp-json\/wp\/v2\/pages"}],"about":[{"href":"https:\/\/aveqia.com\/en\/wp-json\/wp\/v2\/types\/page"}],"author":[{"embeddable":true,"href":"https:\/\/aveqia.com\/en\/wp-json\/wp\/v2\/users\/1"}],"replies":[{"embeddable":true,"href":"https:\/\/aveqia.com\/en\/wp-json\/wp\/v2\/comments?post=28260"}],"version-history":[{"count":3,"href":"https:\/\/aveqia.com\/en\/wp-json\/wp\/v2\/pages\/28260\/revisions"}],"predecessor-version":[{"id":30076,"href":"https:\/\/aveqia.com\/en\/wp-json\/wp\/v2\/pages\/28260\/revisions\/30076"}],"wp:attachment":[{"href":"https:\/\/aveqia.com\/en\/wp-json\/wp\/v2\/media?parent=28260"}],"curies":[{"name":"wp","href":"https:\/\/api.w.org\/{rel}","templated":true}]}}