{"id":30083,"date":"2025-03-05T15:25:10","date_gmt":"2025-03-05T14:25:10","guid":{"rendered":"https:\/\/aveqia.com\/?page_id=30083"},"modified":"2025-11-29T11:49:12","modified_gmt":"2025-11-29T10:49:12","slug":"campaigns-2026","status":"publish","type":"page","link":"https:\/\/aveqia.com\/en\/campaigns-2026\/","title":{"rendered":"Campaigns 2026"},"content":{"rendered":"\n\n<div id=\"aveqia-secondary-hero-block_511bee95510422b99eaad5b9c5ea45db\" class=\"block-aveqia-secondary-hero\">\n  <div class=\"min-h-[500px] pt-[80px] relative bg-black text-white flex items-center justify-center\">\n    <div class=\"absolute top-0 left-0 z-0 w-full h-full bg-center bg-no-repeat bg-cover opacity-[0.55]\" style=\"background-image: url('https:\/\/aveqia.com\/wp-content\/uploads\/2022\/09\/Hero-2718-1024x576.jpg');\"><\/div>\n    <div class=\"container z-10 space-y-5 text-center py-14\">\n      <h1 class=\"typo-h1-larger\">Campaigns and special offers 2026<\/h1>\n      <div class=\"wysiwyg wysiwyg-larger text-beige\"><\/div>\n    <\/div>\n\n  <\/div>\n  <div class=\"wrapper\">\n\n    <div id=\"breadcrumbs\" class=\"mt-6 typo-caption text-darkGrey\"><span><span><a href=\"https:\/\/aveqia.com\/en\/\">Hem<\/a><\/span><\/span><\/div>  <\/div>\n<\/div>\n\n\n<div id=\"aveqia-text-block_0ee128b8d5c355089a26616b2b5710c8\" class=\"block-aveqia-text wrapper md:my-20 my-12\">\n  <div class=\"container max-w-2xl mx-auto wysiwyg\"><p>&nbsp;<\/p>\n<h3 style=\"text-align: center\">AVEQIA offers various upgrades and promotions at different times of the year. We will also increase the frequency of our popular <a href=\"https:\/\/aveqia.com\/en\/inspirational-cooking-in-open-groups\/\">inspirational cooking<\/a> sessions in 2026.<\/h3>\n<p style=\"text-align: center\">Check out our special offers below!<\/p>\n<\/div>\n    <\/div>\n\n\n<div id=\"aveqia-image-text-block_1b241984a59ab57f3519d5a7ff12db1e\" class=\"block-aveqia-image-text bg-white text-black  flex-row-reverse relative \">\n  <div class=\"md:absolute w-full h-[300px] top-0 left-0 md:w-1\/2 md:h-full overflow-hidden bg-cover bg-center\" style=\"background-image:url(https:\/\/aveqia.com\/wp-content\/uploads\/2024\/10\/Hero-Inspiration--1024x576.jpg);\"><\/div>\n  <div class=\"md:flex md:py-20 lg:min-h-[600px] md:min-h-[400px] items-center wrapper\">\n    <div class=\"md:w-1\/2 md:py-0 py-16 block-text  ml-auto xl:pl-32 md:pl-12 \">\n      <span class=\"typo-small-uppercase block\">WE ARE REBOOTING OUR POPULAR<\/span>\n\n      <h3 class=\"md:my-7 typo-h1 my-4\">\n                  Inspirational Cooking &#8211; our popular cook-along in open groups\n                <\/h3>\n\n      <div class=\"wysiwyg wysiwyg-large\"><p>Inspirational cooking is what we call our open evenings where you as a private individual can bring your partner, a few friends or why not give away a couple of seats to someone you like for a food and wine experience together with others. Alternatively, perhaps you work in a smaller team or work group, or is your company a startup with only a handful of employees? Maybe you work in sales and are looking for an engaging customer activity that you have not done before?<\/p>\n<p>If any of this sounds like you, you can stop looking now, because we have the solution for you! In 2026, AVEQIA will increase the frequency of our popular inspirational cooking activity. These evenings take place on set dates and you will then mix with other smaller groups in a wonderful evening together. Does this sound interesting? Read more by clicking below.<\/p>\n<\/div>\n                    <a class=\"btn mt-10   btn-clear-black\" href=\"https:\/\/aveqia.com\/en\/inspirational-cooking-in-open-groups\/\" target=\"\">I want to read more!<\/a>\n          <\/div>\n  <\/div>\n\n<\/div>\n\n\n<div id=\"aveqia-image-text-block_7df283f2dcb8230780b8ef580a5d3647\" class=\"block-aveqia-image-text bg-white text-black  relative \">\n  <div class=\"md:absolute w-full h-[300px] top-0  right-0  md:w-1\/2 md:h-full overflow-hidden bg-cover bg-center\" style=\"background-image:url(https:\/\/aveqia.com\/wp-content\/uploads\/2022\/09\/Hero-1444-1024x576.jpg);\"><\/div>\n  <div class=\"md:flex md:py-20 lg:min-h-[600px] md:min-h-[400px] items-center wrapper\">\n    <div class=\"md:w-1\/2 md:py-0 py-16 block-text   xl:pr-32 md:pr-12 lg:pl-14 2xl:pl-1\">\n      <span class=\"typo-small-uppercase block\">CONFERENCE IN AN INSPIRING ENVIRONMENT<\/span>\n\n      <h3 class=\"md:my-7 typo-h1 my-4\">\n                  Conference weeks &#8211; we include the conference room when you book your cooking activity with us\n                <\/h3>\n\n      <div class=\"wysiwyg wysiwyg-large\"><p>Many of our guests have realized how advantageous it is to hold a conference or workshop in combination with their cooking activity. For those of you who can hold your team meetings and activity during our low season we are happy to include your afternoon conference in your team day completely free of charge.<\/p>\n<p>All the usual conference equipment is of course included (TV screen, flipchart and whiteboard). Coffee\/Tea and fresh fruit is included as well. If you would like to add lunch that can be arranged for a fee.<\/p>\n<p>This campaign is available in January, February, August and during the autumn break (week 44).<\/p>\n<\/div>\n                    <a class=\"btn mt-10   btn-clear-black\" href=\"https:\/\/aveqia.com\/en\/book\/\" target=\"\">Take me to the enquiry form &#8211; I want to book a conference!<\/a>\n          <\/div>\n  <\/div>\n\n<\/div>\n\n\n<div id=\"aveqia-text-block_8b0c03b8bbf90ee8890d28e300adc558\" class=\"block-aveqia-text wrapper md:my-20 my-12\">\n  <div class=\"container max-w-2xl mx-auto wysiwyg\"><h2>What do our customers say?<\/h2>\n<p>See what our previous customers have said about us:<\/p>\n<p><iframe style=\"width: 100%;border: 0;display: block;overflow: hidden\" src=\"https:\/\/widget.reco.se\/v2\/widget\/3386196?mode=HORIZONTAL_QUOTE&amp;inverted=false&amp;border=true\" height=\"225\"><\/iframe><\/p>\n<\/div>\n    <\/div>","protected":false},"excerpt":{"rendered":"","protected":false},"author":3,"featured_media":6484,"parent":0,"menu_order":0,"comment_status":"closed","ping_status":"closed","template":"","meta":{"_acf_changed":false,"footnotes":""},"class_list":["post-30083","page","type-page","status-publish","has-post-thumbnail","hentry"],"acf":[],"yoast_head":"<!-- This site is optimized with the Yoast SEO plugin v25.8 - https:\/\/yoast.com\/wordpress\/plugins\/seo\/ -->\n<title>Campaigns 2026 - Matlagning hos AVEQIA Stockholm<\/title>\n<meta name=\"description\" content=\"Campaigns 2026 Campaigns 2026 Matlagning med eller utan konferens. Hos AVEQIA Stockholm s\u00e4tter vi guldkant p\u00e5 ert event, V\u00e4lkommen!\" \/>\n<meta name=\"robots\" content=\"index, follow, max-snippet:-1, max-image-preview:large, max-video-preview:-1\" \/>\n<link rel=\"canonical\" href=\"https:\/\/aveqia.com\/en\/campaigns-2026\/\" \/>\n<meta property=\"og:locale\" content=\"en_US\" \/>\n<meta property=\"og:type\" content=\"article\" \/>\n<meta property=\"og:title\" content=\"Campaigns 2026 - Matlagning hos AVEQIA Stockholm\" \/>\n<meta property=\"og:description\" content=\"Campaigns 2026 Campaigns 2026 Matlagning med eller utan konferens. Hos AVEQIA Stockholm s\u00e4tter vi guldkant p\u00e5 ert event, V\u00e4lkommen!\" \/>\n<meta property=\"og:url\" content=\"https:\/\/aveqia.com\/en\/campaigns-2026\/\" \/>\n<meta property=\"og:site_name\" content=\"AVEQIA Stockholm\" \/>\n<meta property=\"article:publisher\" content=\"https:\/\/www.facebook.com\/AVEQIAStockholm\" \/>\n<meta property=\"article:modified_time\" content=\"2025-11-29T10:49:12+00:00\" \/>\n<meta property=\"og:image\" content=\"https:\/\/aveqia.com\/wp-content\/uploads\/2022\/09\/Hero-3825.jpg\" \/>\n\t<meta property=\"og:image:width\" content=\"1920\" \/>\n\t<meta property=\"og:image:height\" content=\"1080\" \/>\n\t<meta property=\"og:image:type\" content=\"image\/jpeg\" \/>\n<meta name=\"twitter:card\" content=\"summary_large_image\" \/>\n<meta name=\"twitter:label1\" content=\"Est. reading time\" \/>\n\t<meta name=\"twitter:data1\" content=\"1 minute\" \/>\n<script type=\"application\/ld+json\" class=\"yoast-schema-graph\">{\"@context\":\"https:\/\/schema.org\",\"@graph\":[{\"@type\":\"WebPage\",\"@id\":\"https:\/\/aveqia.com\/en\/campaigns-2026\/\",\"url\":\"https:\/\/aveqia.com\/en\/campaigns-2026\/\",\"name\":\"Campaigns 2026 - Matlagning hos AVEQIA Stockholm\",\"isPartOf\":{\"@id\":\"https:\/\/aveqia.com\/en\/#website\"},\"primaryImageOfPage\":{\"@id\":\"https:\/\/aveqia.com\/en\/campaigns-2026\/#primaryimage\"},\"image\":{\"@id\":\"https:\/\/aveqia.com\/en\/campaigns-2026\/#primaryimage\"},\"thumbnailUrl\":\"https:\/\/aveqia.com\/wp-content\/uploads\/2022\/09\/Hero-3825.jpg\",\"datePublished\":\"2025-03-05T14:25:10+00:00\",\"dateModified\":\"2025-11-29T10:49:12+00:00\",\"description\":\"Campaigns 2026 Campaigns 2026 Matlagning med eller utan konferens. Hos AVEQIA Stockholm s\u00e4tter vi guldkant p\u00e5 ert event, V\u00e4lkommen!\",\"breadcrumb\":{\"@id\":\"https:\/\/aveqia.com\/en\/campaigns-2026\/#breadcrumb\"},\"inLanguage\":\"en-US\",\"potentialAction\":[{\"@type\":\"ReadAction\",\"target\":[\"https:\/\/aveqia.com\/en\/campaigns-2026\/\"]}]},{\"@type\":\"ImageObject\",\"inLanguage\":\"en-US\",\"@id\":\"https:\/\/aveqia.com\/en\/campaigns-2026\/#primaryimage\",\"url\":\"https:\/\/aveqia.com\/wp-content\/uploads\/2022\/09\/Hero-3825.jpg\",\"contentUrl\":\"https:\/\/aveqia.com\/wp-content\/uploads\/2022\/09\/Hero-3825.jpg\",\"width\":1920,\"height\":1080},{\"@type\":\"BreadcrumbList\",\"@id\":\"https:\/\/aveqia.com\/en\/campaigns-2026\/#breadcrumb\",\"itemListElement\":[{\"@type\":\"ListItem\",\"position\":1,\"name\":\"Hem\",\"item\":\"https:\/\/aveqia.com\/en\/\"},{\"@type\":\"ListItem\",\"position\":2,\"name\":\"Campaigns 2026\"}]},{\"@type\":\"WebSite\",\"@id\":\"https:\/\/aveqia.com\/en\/#website\",\"url\":\"https:\/\/aveqia.com\/en\/\",\"name\":\"AVEQIA Stockholm\",\"description\":\"Matlagning tillsammans\",\"potentialAction\":[{\"@type\":\"SearchAction\",\"target\":{\"@type\":\"EntryPoint\",\"urlTemplate\":\"https:\/\/aveqia.com\/en\/?s={search_term_string}\"},\"query-input\":{\"@type\":\"PropertyValueSpecification\",\"valueRequired\":true,\"valueName\":\"search_term_string\"}}],\"inLanguage\":\"en-US\"}]}<\/script>\n<!-- \/ Yoast SEO plugin. -->","yoast_head_json":{"title":"Campaigns 2026 - Matlagning hos AVEQIA Stockholm","description":"Campaigns 2026 Campaigns 2026 Matlagning med eller utan konferens. Hos AVEQIA Stockholm s\u00e4tter vi guldkant p\u00e5 ert event, V\u00e4lkommen!","robots":{"index":"index","follow":"follow","max-snippet":"max-snippet:-1","max-image-preview":"max-image-preview:large","max-video-preview":"max-video-preview:-1"},"canonical":"https:\/\/aveqia.com\/en\/campaigns-2026\/","og_locale":"en_US","og_type":"article","og_title":"Campaigns 2026 - Matlagning hos AVEQIA Stockholm","og_description":"Campaigns 2026 Campaigns 2026 Matlagning med eller utan konferens. Hos AVEQIA Stockholm s\u00e4tter vi guldkant p\u00e5 ert event, V\u00e4lkommen!","og_url":"https:\/\/aveqia.com\/en\/campaigns-2026\/","og_site_name":"AVEQIA Stockholm","article_publisher":"https:\/\/www.facebook.com\/AVEQIAStockholm","article_modified_time":"2025-11-29T10:49:12+00:00","og_image":[{"width":1920,"height":1080,"url":"https:\/\/aveqia.com\/wp-content\/uploads\/2022\/09\/Hero-3825.jpg","type":"image\/jpeg"}],"twitter_card":"summary_large_image","twitter_misc":{"Est. reading time":"1 minute"},"schema":{"@context":"https:\/\/schema.org","@graph":[{"@type":"WebPage","@id":"https:\/\/aveqia.com\/en\/campaigns-2026\/","url":"https:\/\/aveqia.com\/en\/campaigns-2026\/","name":"Campaigns 2026 - Matlagning hos AVEQIA Stockholm","isPartOf":{"@id":"https:\/\/aveqia.com\/en\/#website"},"primaryImageOfPage":{"@id":"https:\/\/aveqia.com\/en\/campaigns-2026\/#primaryimage"},"image":{"@id":"https:\/\/aveqia.com\/en\/campaigns-2026\/#primaryimage"},"thumbnailUrl":"https:\/\/aveqia.com\/wp-content\/uploads\/2022\/09\/Hero-3825.jpg","datePublished":"2025-03-05T14:25:10+00:00","dateModified":"2025-11-29T10:49:12+00:00","description":"Campaigns 2026 Campaigns 2026 Matlagning med eller utan konferens. Hos AVEQIA Stockholm s\u00e4tter vi guldkant p\u00e5 ert event, V\u00e4lkommen!","breadcrumb":{"@id":"https:\/\/aveqia.com\/en\/campaigns-2026\/#breadcrumb"},"inLanguage":"en-US","potentialAction":[{"@type":"ReadAction","target":["https:\/\/aveqia.com\/en\/campaigns-2026\/"]}]},{"@type":"ImageObject","inLanguage":"en-US","@id":"https:\/\/aveqia.com\/en\/campaigns-2026\/#primaryimage","url":"https:\/\/aveqia.com\/wp-content\/uploads\/2022\/09\/Hero-3825.jpg","contentUrl":"https:\/\/aveqia.com\/wp-content\/uploads\/2022\/09\/Hero-3825.jpg","width":1920,"height":1080},{"@type":"BreadcrumbList","@id":"https:\/\/aveqia.com\/en\/campaigns-2026\/#breadcrumb","itemListElement":[{"@type":"ListItem","position":1,"name":"Hem","item":"https:\/\/aveqia.com\/en\/"},{"@type":"ListItem","position":2,"name":"Campaigns 2026"}]},{"@type":"WebSite","@id":"https:\/\/aveqia.com\/en\/#website","url":"https:\/\/aveqia.com\/en\/","name":"AVEQIA Stockholm","description":"Matlagning tillsammans","potentialAction":[{"@type":"SearchAction","target":{"@type":"EntryPoint","urlTemplate":"https:\/\/aveqia.com\/en\/?s={search_term_string}"},"query-input":{"@type":"PropertyValueSpecification","valueRequired":true,"valueName":"search_term_string"}}],"inLanguage":"en-US"}]}},"_links":{"self":[{"href":"https:\/\/aveqia.com\/en\/wp-json\/wp\/v2\/pages\/30083","targetHints":{"allow":["GET"]}}],"collection":[{"href":"https:\/\/aveqia.com\/en\/wp-json\/wp\/v2\/pages"}],"about":[{"href":"https:\/\/aveqia.com\/en\/wp-json\/wp\/v2\/types\/page"}],"author":[{"embeddable":true,"href":"https:\/\/aveqia.com\/en\/wp-json\/wp\/v2\/users\/3"}],"replies":[{"embeddable":true,"href":"https:\/\/aveqia.com\/en\/wp-json\/wp\/v2\/comments?post=30083"}],"version-history":[{"count":17,"href":"https:\/\/aveqia.com\/en\/wp-json\/wp\/v2\/pages\/30083\/revisions"}],"predecessor-version":[{"id":30550,"href":"https:\/\/aveqia.com\/en\/wp-json\/wp\/v2\/pages\/30083\/revisions\/30550"}],"wp:featuredmedia":[{"embeddable":true,"href":"https:\/\/aveqia.com\/en\/wp-json\/wp\/v2\/media\/6484"}],"wp:attachment":[{"href":"https:\/\/aveqia.com\/en\/wp-json\/wp\/v2\/media?parent=30083"}],"curies":[{"name":"wp","href":"https:\/\/api.w.org\/{rel}","templated":true}]}}